{"id":774,"date":"2021-04-09T18:43:01","date_gmt":"2021-04-09T16:43:01","guid":{"rendered":"http:\/\/redup.xyz\/SVILUPPO\/gallarate\/?page_id=774"},"modified":"2021-04-20T16:37:33","modified_gmt":"2021-04-20T14:37:33","slug":"dagli-impegni-ai-risultati","status":"publish","type":"page","link":"http:\/\/redup.xyz\/SVILUPPO\/gallarate\/dagli-impegni-ai-risultati\/","title":{"rendered":"DAGLI IMPEGNI AI RISULTATI"},"content":{"rendered":"<p>[vc_row row_height_percent=&#8221;0&#8243; back_image=&#8221;398&#8243; overlay_color=&#8221;color-prif&#8221; overlay_alpha=&#8221;30&#8243; gutter_size=&#8221;3&#8243; column_width_percent=&#8221;100&#8243; shift_y=&#8221;0&#8243; z_index=&#8221;0&#8243; row_height_pixel=&#8221;300&#8243;][vc_column column_width_percent=&#8221;100&#8243; position_vertical=&#8221;middle&#8221; align_horizontal=&#8221;align_center&#8221; gutter_size=&#8221;3&#8243; style=&#8221;dark&#8221; overlay_alpha=&#8221;50&#8243; shift_x=&#8221;0&#8243; shift_y=&#8221;0&#8243; shift_y_down=&#8221;0&#8243; z_index=&#8221;0&#8243; medium_width=&#8221;0&#8243; mobile_width=&#8221;0&#8243; width=&#8221;1\/1&#8243;][vc_custom_heading auto_text=&#8221;yes&#8221; text_size=&#8221;h1&#8243; text_weight=&#8221;800&#8243; text_transform=&#8221;uppercase&#8221;]This is a custom heading element.[\/vc_custom_heading][\/vc_column][\/vc_row][vc_row][vc_column width=&#8221;1\/1&#8243;][vc_custom_heading text_size=&#8221;h5&#8243;]<\/p>\n<div class=\"\"><span class=\"\">In questa\u00a0<\/span><span class=\"\">sezione\u00a0\u00e8 possibile\u00a0verificare lo stato di attuazione degli impegni\u00a0assunti con i cittadini nel\u00a02016, all\u2019inizio del mandato amministrativo.<\/span><\/div>\n<div class=\"\"><span class=\"\">La sezione \u00e8 organizzata\u00a0nei 10\u00a0temi chiave della visione politica: Sicurezza, Lavoro, Urbanistica e Territorio, Commercio e Attrattivit\u00e0 territoriale, Persone e Famiglia, Scuola, Cultura, Sport e Giovani, Tutela del Verde e degli Animali, Semplificazione.<\/span><\/div>\n<div class=\"\"><span class=\"\">In ogni\u00a0tema chiave si d\u00e0 conto del lavoro svolto nei 5 anni di mandato e dello stato\u00a0di attuazione del Programma di mandato\u00a0al 31 marzo 2021, sulla base della scala: 0%, 25%, 50%, 75%, 100%.<\/span><\/div>\n<div class=\"\"><span class=\"\">\u00c8 possibile, inoltre, conoscere tutto ci\u00f2 che \u00e8 stato realizzato in aggiunta rispetto agli impegni assunti e le sfide rimaste aperte al termine del mandato.<\/span><\/div>\n<p>[\/vc_custom_heading][\/vc_column][\/vc_row][vc_row row_height_percent=&#8221;0&#8243; override_padding=&#8221;yes&#8221; h_padding=&#8221;2&#8243; top_padding=&#8221;3&#8243; bottom_padding=&#8221;3&#8243; overlay_alpha=&#8221;75&#8243; gutter_size=&#8221;3&#8243; column_width_percent=&#8221;100&#8243; shift_y=&#8221;0&#8243; z_index=&#8221;0&#8243;][vc_column column_width_percent=&#8221;100&#8243; position_vertical=&#8221;middle&#8221; align_horizontal=&#8221;align_center&#8221; gutter_size=&#8221;0&#8243; overlay_alpha=&#8221;50&#8243; shift_x=&#8221;0&#8243; shift_y=&#8221;0&#8243; shift_y_down=&#8221;0&#8243; z_index=&#8221;0&#8243; medium_width=&#8221;0&#8243; mobile_width=&#8221;0&#8243; width=&#8221;1\/1&#8243;][vc_row_inner row_inner_height_percent=&#8221;0&#8243; overlay_alpha=&#8221;50&#8243; equal_height=&#8221;yes&#8221; gutter_size=&#8221;0&#8243; shift_y=&#8221;0&#8243; z_index=&#8221;0&#8243; limit_content=&#8221;&#8221;][vc_column_inner column_width_percent=&#8221;100&#8243; align_horizontal=&#8221;align_center&#8221; gutter_size=&#8221;2&#8243; style=&#8221;dark&#8221; overlay_alpha=&#8221;50&#8243; shift_x=&#8221;0&#8243; shift_y=&#8221;0&#8243; shift_y_down=&#8221;0&#8243; z_index=&#8221;0&#8243; medium_width=&#8221;0&#8243; mobile_width=&#8221;0&#8243; width=&#8221;1\/6&#8243;][\/vc_column_inner][vc_column_inner column_width_percent=&#8221;100&#8243; align_horizontal=&#8221;align_center&#8221; gutter_size=&#8221;2&#8243; style=&#8221;dark&#8221; back_color=&#8221;color-145104&#8243; overlay_alpha=&#8221;50&#8243; shift_x=&#8221;0&#8243; shift_y=&#8221;0&#8243; shift_y_down=&#8221;0&#8243; z_index=&#8221;0&#8243; medium_width=&#8221;0&#8243; mobile_width=&#8221;0&#8243; width=&#8221;1\/6&#8243; link_to=&#8221;url:http%3A%2F%2Fredup.xyz%2FSVILUPPO%2Fgallarate%2Fsicurezza%2F|title:SICUREZZA&#8221;][vc_single_image media=&#8221;734&#8243; media_width_percent=&#8221;65&#8243; alignment=&#8221;center&#8221;][vc_custom_heading text_font=&#8221;font-555555&#8243; text_size=&#8221;h6&#8243; text_weight=&#8221;800&#8243; text_transform=&#8221;uppercase&#8221;]sicurezza[\/vc_custom_heading][\/vc_column_inner][vc_column_inner column_width_percent=&#8221;100&#8243; align_horizontal=&#8221;align_center&#8221; gutter_size=&#8221;2&#8243; style=&#8221;dark&#8221; back_color=&#8221;color-109226&#8243; overlay_alpha=&#8221;50&#8243; shift_x=&#8221;0&#8243; shift_y=&#8221;0&#8243; shift_y_down=&#8221;0&#8243; z_index=&#8221;0&#8243; medium_width=&#8221;0&#8243; mobile_width=&#8221;0&#8243; width=&#8221;1\/6&#8243; link_to=&#8221;url:http%3A%2F%2Fredup.xyz%2FSVILUPPO%2Fgallarate%2Flavoro%2F|title:LAVORO&#8221;][vc_single_image media=&#8221;30&#8243; media_width_percent=&#8221;65&#8243; alignment=&#8221;center&#8221;][vc_custom_heading text_font=&#8221;font-555555&#8243; text_size=&#8221;h6&#8243; text_weight=&#8221;800&#8243; text_transform=&#8221;uppercase&#8221;]lavoro[\/vc_custom_heading][\/vc_column_inner][vc_column_inner column_width_percent=&#8221;100&#8243; align_horizontal=&#8221;align_center&#8221; gutter_size=&#8221;2&#8243; style=&#8221;dark&#8221; back_color=&#8221;color-253492&#8243; overlay_alpha=&#8221;50&#8243; shift_x=&#8221;0&#8243; shift_y=&#8221;0&#8243; shift_y_down=&#8221;0&#8243; z_index=&#8221;0&#8243; medium_width=&#8221;0&#8243; mobile_width=&#8221;0&#8243; width=&#8221;1\/6&#8243; link_to=&#8221;url:http%3A%2F%2Fredup.xyz%2FSVILUPPO%2Fgallarate%2Furbanistica-e-territorio%2F|title:URBANISTICA%20E%20TERRITORIO&#8221;][vc_single_image media=&#8221;29&#8243; media_width_percent=&#8221;65&#8243; alignment=&#8221;center&#8221;][vc_custom_heading text_font=&#8221;font-555555&#8243; text_size=&#8221;h6&#8243; text_weight=&#8221;800&#8243; text_transform=&#8221;uppercase&#8221;]Urbanistica e Territorio[\/vc_custom_heading][\/vc_column_inner][vc_column_inner column_width_percent=&#8221;100&#8243; align_horizontal=&#8221;align_center&#8221; gutter_size=&#8221;2&#8243; style=&#8221;dark&#8221; back_color=&#8221;color-381340&#8243; overlay_alpha=&#8221;50&#8243; shift_x=&#8221;0&#8243; shift_y=&#8221;0&#8243; shift_y_down=&#8221;0&#8243; z_index=&#8221;0&#8243; medium_width=&#8221;0&#8243; mobile_width=&#8221;0&#8243; width=&#8221;1\/6&#8243; link_to=&#8221;url:http%3A%2F%2Fredup.xyz%2FSVILUPPO%2Fgallarate%2Fcommercio-e-attrattivita-territoriali%2F|title:COMMERCIO%20E%20ATTRATTIVITA%E2%80%99%20TERRITORIALI&#8221;][vc_single_image media=&#8221;28&#8243; media_width_percent=&#8221;65&#8243; alignment=&#8221;center&#8221;][vc_custom_heading text_font=&#8221;font-555555&#8243; text_size=&#8221;h6&#8243; text_weight=&#8221;800&#8243; text_transform=&#8221;uppercase&#8221;]Commercio e Attrattivit\u00e0[\/vc_custom_heading][\/vc_column_inner][vc_column_inner column_width_percent=&#8221;100&#8243; align_horizontal=&#8221;align_center&#8221; gutter_size=&#8221;2&#8243; style=&#8221;dark&#8221; back_color=&#8221;color-450100&#8243; overlay_alpha=&#8221;50&#8243; shift_x=&#8221;0&#8243; shift_y=&#8221;0&#8243; shift_y_down=&#8221;0&#8243; z_index=&#8221;0&#8243; medium_width=&#8221;0&#8243; mobile_width=&#8221;0&#8243; width=&#8221;1\/6&#8243; link_to=&#8221;url:http%3A%2F%2Fredup.xyz%2FSVILUPPO%2Fgallarate%2Fpersone-e-famiglia%2F|title:PERSONE%20E%20FAMIGLIA&#8221;][vc_single_image media=&#8221;27&#8243; media_width_percent=&#8221;65&#8243; alignment=&#8221;center&#8221;][vc_custom_heading text_font=&#8221;font-555555&#8243; text_size=&#8221;h6&#8243; text_weight=&#8221;800&#8243; text_transform=&#8221;uppercase&#8221;]Persone e famiglia[\/vc_custom_heading][\/vc_column_inner][\/vc_row_inner][vc_row_inner row_inner_height_percent=&#8221;0&#8243; overlay_alpha=&#8221;50&#8243; equal_height=&#8221;yes&#8221; gutter_size=&#8221;0&#8243; shift_y=&#8221;0&#8243; z_index=&#8221;0&#8243; limit_content=&#8221;&#8221;][vc_column_inner column_width_percent=&#8221;100&#8243; align_horizontal=&#8221;align_center&#8221; gutter_size=&#8221;2&#8243; style=&#8221;dark&#8221; back_color=&#8221;color-138457&#8243; overlay_alpha=&#8221;50&#8243; shift_x=&#8221;0&#8243; shift_y=&#8221;0&#8243; shift_y_down=&#8221;0&#8243; z_index=&#8221;0&#8243; medium_width=&#8221;0&#8243; mobile_width=&#8221;0&#8243; width=&#8221;1\/6&#8243; link_to=&#8221;url:http%3A%2F%2Fredup.xyz%2FSVILUPPO%2Fgallarate%2Fscuola%2F|title:SCUOLA&#8221;][vc_single_image media=&#8221;26&#8243; media_width_percent=&#8221;65&#8243; alignment=&#8221;center&#8221;][vc_custom_heading text_font=&#8221;font-555555&#8243; text_size=&#8221;h6&#8243; text_weight=&#8221;800&#8243; text_transform=&#8221;uppercase&#8221;]scuola[\/vc_custom_heading][\/vc_column_inner][vc_column_inner column_width_percent=&#8221;100&#8243; align_horizontal=&#8221;align_center&#8221; gutter_size=&#8221;2&#8243; style=&#8221;dark&#8221; back_color=&#8221;color-204046&#8243; overlay_alpha=&#8221;50&#8243; shift_x=&#8221;0&#8243; shift_y=&#8221;0&#8243; shift_y_down=&#8221;0&#8243; z_index=&#8221;0&#8243; medium_width=&#8221;0&#8243; mobile_width=&#8221;0&#8243; width=&#8221;1\/6&#8243; link_to=&#8221;url:http%3A%2F%2Fredup.xyz%2FSVILUPPO%2Fgallarate%2Fcultura%2F|title:CULTURA&#8221;][vc_single_image media=&#8221;25&#8243; media_width_percent=&#8221;65&#8243; alignment=&#8221;center&#8221;][vc_custom_heading text_font=&#8221;font-555555&#8243; text_size=&#8221;h6&#8243; text_weight=&#8221;800&#8243; text_transform=&#8221;uppercase&#8221;]cultura[\/vc_custom_heading][\/vc_column_inner][vc_column_inner column_width_percent=&#8221;100&#8243; align_horizontal=&#8221;align_center&#8221; gutter_size=&#8221;2&#8243; style=&#8221;dark&#8221; back_color=&#8221;color-100095&#8243; overlay_alpha=&#8221;50&#8243; shift_x=&#8221;0&#8243; shift_y=&#8221;0&#8243; shift_y_down=&#8221;0&#8243; z_index=&#8221;0&#8243; medium_width=&#8221;0&#8243; mobile_width=&#8221;0&#8243; width=&#8221;1\/6&#8243; link_to=&#8221;url:http%3A%2F%2Fredup.xyz%2FSVILUPPO%2Fgallarate%2Fsport-e-giovani%2F|title:Sport%20e%20giovani&#8221;][vc_single_image media=&#8221;24&#8243; media_width_percent=&#8221;65&#8243; alignment=&#8221;center&#8221;][vc_custom_heading text_font=&#8221;font-555555&#8243; text_size=&#8221;h6&#8243; text_weight=&#8221;800&#8243; text_transform=&#8221;uppercase&#8221;]sport e giovani[\/vc_custom_heading][\/vc_column_inner][vc_column_inner column_width_percent=&#8221;100&#8243; align_horizontal=&#8221;align_center&#8221; gutter_size=&#8221;2&#8243; style=&#8221;dark&#8221; back_color=&#8221;color-198040&#8243; overlay_alpha=&#8221;50&#8243; shift_x=&#8221;0&#8243; shift_y=&#8221;0&#8243; shift_y_down=&#8221;0&#8243; z_index=&#8221;0&#8243; medium_width=&#8221;0&#8243; mobile_width=&#8221;0&#8243; width=&#8221;1\/6&#8243; link_to=&#8221;url:http%3A%2F%2Fredup.xyz%2FSVILUPPO%2Fgallarate%2Ftutela-del-verde-e-degli-animali%2F|title:TUTELA%20DEL%20VERDE%20E%20DEGLI%20ANIMALI&#8221;][vc_single_image media=&#8221;23&#8243; media_width_percent=&#8221;65&#8243; alignment=&#8221;center&#8221;][vc_custom_heading text_font=&#8221;font-555555&#8243; text_size=&#8221;h6&#8243; text_weight=&#8221;800&#8243; text_transform=&#8221;uppercase&#8221;]tutela del verde e degli animali[\/vc_custom_heading][\/vc_column_inner][vc_column_inner column_width_percent=&#8221;100&#8243; align_horizontal=&#8221;align_center&#8221; gutter_size=&#8221;2&#8243; style=&#8221;dark&#8221; back_color=&#8221;color-870576&#8243; overlay_alpha=&#8221;50&#8243; shift_x=&#8221;0&#8243; shift_y=&#8221;0&#8243; shift_y_down=&#8221;0&#8243; z_index=&#8221;0&#8243; medium_width=&#8221;0&#8243; mobile_width=&#8221;0&#8243; width=&#8221;1\/6&#8243; link_to=&#8221;url:http%3A%2F%2Fredup.xyz%2FSVILUPPO%2Fgallarate%2Fsemplificazione%2F|title:SEMPLIFICAZIONE&#8221;][vc_single_image media=&#8221;22&#8243; media_width_percent=&#8221;65&#8243; alignment=&#8221;center&#8221;][vc_custom_heading text_font=&#8221;font-555555&#8243; text_size=&#8221;h6&#8243; text_weight=&#8221;800&#8243; text_transform=&#8221;uppercase&#8221;]semplificazione[\/vc_custom_heading][\/vc_column_inner][vc_column_inner width=&#8221;1\/6&#8243;][\/vc_column_inner][\/vc_row_inner][\/vc_column][\/vc_row]<\/p>\n","protected":false},"excerpt":{"rendered":"<p>[vc_row row_height_percent=&#8221;0&#8243; back_image=&#8221;398&#8243; overlay_color=&#8221;color-prif&#8221; overlay_alpha=&#8221;30&#8243; gutter_size=&#8221;3&#8243; column_width_percent=&#8221;100&#8243; shift_y=&#8221;0&#8243; z_index=&#8221;0&#8243; row_height_pixel=&#8221;300&#8243;][vc_column column_width_percent=&#8221;100&#8243; position_vertical=&#8221;middle&#8221; align_horizontal=&#8221;align_center&#8221; gutter_size=&#8221;3&#8243; style=&#8221;dark&#8221; overlay_alpha=&#8221;50&#8243; shift_x=&#8221;0&#8243; shift_y=&#8221;0&#8243; shift_y_down=&#8221;0&#8243; z_index=&#8221;0&#8243; [&hellip;]<\/p>\n","protected":false},"author":2,"featured_media":0,"parent":0,"menu_order":0,"comment_status":"closed","ping_status":"closed","template":"","meta":[],"_links":{"self":[{"href":"http:\/\/redup.xyz\/SVILUPPO\/gallarate\/wp-json\/wp\/v2\/pages\/774"}],"collection":[{"href":"http:\/\/redup.xyz\/SVILUPPO\/gallarate\/wp-json\/wp\/v2\/pages"}],"about":[{"href":"http:\/\/redup.xyz\/SVILUPPO\/gallarate\/wp-json\/wp\/v2\/types\/page"}],"author":[{"embeddable":true,"href":"http:\/\/redup.xyz\/SVILUPPO\/gallarate\/wp-json\/wp\/v2\/users\/2"}],"replies":[{"embeddable":true,"href":"http:\/\/redup.xyz\/SVILUPPO\/gallarate\/wp-json\/wp\/v2\/comments?post=774"}],"version-history":[{"count":4,"href":"http:\/\/redup.xyz\/SVILUPPO\/gallarate\/wp-json\/wp\/v2\/pages\/774\/revisions"}],"predecessor-version":[{"id":812,"href":"http:\/\/redup.xyz\/SVILUPPO\/gallarate\/wp-json\/wp\/v2\/pages\/774\/revisions\/812"}],"wp:attachment":[{"href":"http:\/\/redup.xyz\/SVILUPPO\/gallarate\/wp-json\/wp\/v2\/media?parent=774"}],"curies":[{"name":"wp","href":"https:\/\/api.w.org\/{rel}","templated":true}]}}