{"id":727,"date":"2021-04-08T15:25:07","date_gmt":"2021-04-08T13:25:07","guid":{"rendered":"http:\/\/redup.xyz\/SVILUPPO\/gallarate\/?page_id=727"},"modified":"2021-04-09T09:24:43","modified_gmt":"2021-04-09T07:24:43","slug":"societa-partecipate","status":"publish","type":"page","link":"http:\/\/redup.xyz\/SVILUPPO\/gallarate\/societa-partecipate\/","title":{"rendered":"SOCIET\u00c0 PARTECIPATE"},"content":{"rendered":"<p>[vc_row row_height_percent=&#8221;0&#8243; back_image=&#8221;59&#8243; overlay_color=&#8221;color-prif&#8221; overlay_alpha=&#8221;30&#8243; gutter_size=&#8221;3&#8243; column_width_percent=&#8221;100&#8243; shift_y=&#8221;0&#8243; z_index=&#8221;0&#8243; row_height_pixel=&#8221;300&#8243;][vc_column column_width_percent=&#8221;100&#8243; position_vertical=&#8221;middle&#8221; align_horizontal=&#8221;align_center&#8221; gutter_size=&#8221;3&#8243; style=&#8221;dark&#8221; overlay_alpha=&#8221;50&#8243; shift_x=&#8221;0&#8243; shift_y=&#8221;0&#8243; shift_y_down=&#8221;0&#8243; z_index=&#8221;0&#8243; medium_width=&#8221;0&#8243; mobile_width=&#8221;0&#8243; width=&#8221;1\/1&#8243;][vc_custom_heading auto_text=&#8221;yes&#8221; text_size=&#8221;h1&#8243; text_weight=&#8221;800&#8243; text_transform=&#8221;uppercase&#8221;]This is a custom heading element.[\/vc_custom_heading][\/vc_column][\/vc_row][vc_row][vc_column width=&#8221;1\/1&#8243;][vc_column_text]<\/p>\n<h3>Societ\u00e0 partecipate (rappresentazione aggiornata al 9\/7\/2020)<\/h3>\n<p>[\/vc_column_text][vc_separator sep_color=&#8221;color-203051&#8243; el_height=&#8221;3px&#8221;][vc_row_inner][vc_column_inner column_width_percent=&#8221;100&#8243; position_vertical=&#8221;middle&#8221; align_horizontal=&#8221;align_center&#8221; gutter_size=&#8221;3&#8243; style=&#8221;dark&#8221; back_color=&#8221;color-183062&#8243; overlay_alpha=&#8221;50&#8243; shift_x=&#8221;0&#8243; shift_y=&#8221;0&#8243; shift_y_down=&#8221;0&#8243; z_index=&#8221;0&#8243; medium_width=&#8221;0&#8243; mobile_width=&#8221;0&#8243; width=&#8221;1\/1&#8243;][vc_custom_heading text_size=&#8221;h3&#8243; text_weight=&#8221;800&#8243; text_transform=&#8221;uppercase&#8221;]comune di gallarate[\/vc_custom_heading][\/vc_column_inner][\/vc_row_inner][vc_single_image media=&#8221;731&#8243; media_width_percent=&#8221;100&#8243;][\/vc_column][\/vc_row][vc_row][vc_column column_width_percent=&#8221;100&#8243; gutter_size=&#8221;3&#8243; overlay_alpha=&#8221;50&#8243; shift_x=&#8221;0&#8243; shift_y=&#8221;0&#8243; shift_y_down=&#8221;0&#8243; z_index=&#8221;0&#8243; medium_width=&#8221;0&#8243; mobile_width=&#8221;0&#8243; width=&#8221;1\/1&#8243;][vc_accordion active_tab=&#8221;no&#8221; el_class=&#8221;myacc progetti&#8221;][vc_accordion_tab gutter_size=&#8221;2&#8243; column_padding=&#8221;2&#8243; title=&#8221;dagli impegni ai risultati&#8221; tab_id=&#8221;1616609075-1-54368f-4877f1d2-3b5b&#8221;][vc_row_inner row_inner_height_percent=&#8221;0&#8243; overlay_alpha=&#8221;50&#8243; gutter_size=&#8221;4&#8243; border_color=&#8221;color-109226&#8243; border_style=&#8221;solid&#8221; shift_y=&#8221;0&#8243; z_index=&#8221;0&#8243; css=&#8221;.vc_custom_1616611356312{margin-bottom: 1px !important;}&#8221; limit_content=&#8221;&#8221;][vc_column_inner width=&#8221;3\/4&#8243;][vc_column_text]<\/p>\n<blockquote><p><strong>Elaborare un Piano di rilancio con assegnazione di nuove competenze quali illuminazione pubblica, videosorveglianza e energie rinnovabili e completare la trasformazione in immobiliare*<\/strong><\/p><\/blockquote>\n<p>La societ\u00e0 partecipata AMSC \u00e8 stata riportata in attivo nel 2019, dopo tre anni di chiusure negative. Il bilancio 2020 \u00e8 stato penalizzato dalle minori entrate causate dalle chiusure e dalle restrizioni determinate dall\u2019emergenza sanitaria e dalle spese sostenute per l\u2019adeguamento ai protocolli di sicurezza anti Covid-19.<\/p>\n<p>L\u2019attivit\u00e0 di rilancio ha assicurato: continuit\u00e0 alla piscina, con l\u2019individuazione di un nuovo gestore, ponendo le basi per un successivo intervento di ammodernamento con fondi pubblici e privati; ha consentito il trasferimento della farmacia comunale gestita dall\u2019azienda speciale 3SG in via Padre Igino Lega 54, per assicurare spazi pi\u00f9 idonei; ha permesso la riduzione dei costi della gestione del Seprio Park. In corso trattative anche per spostare la sede della farmacia di Sciar\u00e8 in un\u2019area pi\u00f9 vicina allo scalo ferroviario.<\/p>\n<p>In particolare, il rilancio di AMSC si \u00e8 basato su 4 linee strategiche:<\/p>\n<p>1) <strong>Cessione del ramo aziendale riferito al trasporto pubblico locale<\/strong> con il mantenimento sia dei contratti di lavoro sia dello standard dei servizi per l\u2019utenza scolastica. La cessione avrebbe dovuto essere effettuata nell\u2019ambito delle gare regionali di bacino programmate per l\u2019anno 2020, rinviate a causa dell\u2019emergenza sanitaria.<\/p>\n<p>2) <strong>Esternalizzazione della gestione degli impianti sportivi:<\/strong> nel 2019 si \u00e8 conclusa la procedura di affidamento ad un operatore privato per la gestione e la manutenzione ordinaria del complesso Polisportivo della Moriggia fino ad aprile 2020, mantenendo un regime tariffario concordato con il Comune. Da febbraio 2020 l\u2019attivit\u00e0 sportiva si \u00e8 fermata a causa dell\u2019emergenza sanitaria fino al 13 agosto. Ma il 14 agosto le attivit\u00e0 sono riprese con un nuovo gestore, che ha effettuato la sanificazione delle piscine, ha elaborato un progetto di riqualifica dell\u2019ampio spazio verde circostante e dovr\u00e0 definire una proposta di partenariato pubblico-privato che potr\u00e0 costituire la base per una successiva gara pubblica.<\/p>\n<p>3)<strong>Esternalizzazione della gestione del distributore metano<\/strong> per autotrazione. Dal 1\u00b0 febbraio 2021 il servizio \u00e8 affidato al nuovo gestore esterno.<\/p>\n<p>4) <strong>Servizio idrico integrato: <\/strong>il ramo idrico \u00e8 stato definitivamente ceduto ad Alfa Srl al valore proposto da Amsc Spa ed approvato dall\u2019Ufficio d\u2019Ambito della Provincia di Varese pari a \u20ac 8.521.397,00.<\/p>\n<h6><em>*Sono stati qui uniti due impegni del Programma di mandato: \u201cPiano di rilancio con assegnazione di nuove competenze quali illuminazione pubblica, videosorveglianza e energie rinnovabili\u201d e \u201cCompletare la trasformazione in immobiliare\u201d. Alla luce dell\u2019attivit\u00e0 di rilancio non si \u00e8 pi\u00f9 ritenuto necessario completare la trasformazione in immobiliare.<\/em><\/h6>\n<p>[\/vc_column_text][vc_empty_space empty_h=&#8221;2&#8243;][\/vc_column_inner][vc_column_inner column_width_percent=&#8221;100&#8243; gutter_size=&#8221;1&#8243; overlay_alpha=&#8221;50&#8243; shift_x=&#8221;0&#8243; shift_y=&#8221;0&#8243; shift_y_down=&#8221;0&#8243; z_index=&#8221;0&#8243; medium_width=&#8221;0&#8243; mobile_width=&#8221;0&#8243; width=&#8221;1\/4&#8243;][uncode_block id=&#8221;159&#8243; inside_column=&#8221;yes&#8221;][\/vc_column_inner][\/vc_row_inner][vc_row_inner limit_content=&#8221;&#8221;][vc_column_inner width=&#8221;1\/1&#8243;][vc_separator sep_color=&#8221;color-109226&#8243;][vc_empty_space empty_h=&#8221;2&#8243;][\/vc_column_inner][\/vc_row_inner][\/vc_accordion_tab][\/vc_accordion][\/vc_column][\/vc_row][vc_row row_height_percent=&#8221;0&#8243; back_color=&#8221;color-gyho&#8221; overlay_alpha=&#8221;50&#8243; gutter_size=&#8221;3&#8243; column_width_percent=&#8221;100&#8243; shift_y=&#8221;0&#8243; z_index=&#8221;0&#8243;][vc_column column_width_percent=&#8221;100&#8243; position_vertical=&#8221;middle&#8221; align_horizontal=&#8221;align_center&#8221; gutter_size=&#8221;2&#8243; style=&#8221;dark&#8221; back_color=&#8221;color-203051&#8243; overlay_alpha=&#8221;50&#8243; shift_x=&#8221;0&#8243; shift_y=&#8221;0&#8243; shift_y_down=&#8221;0&#8243; z_index=&#8221;0&#8243; medium_width=&#8221;0&#8243; mobile_width=&#8221;0&#8243; width=&#8221;1\/1&#8243;][vc_custom_heading text_size=&#8221;h4&#8243; text_weight=&#8221;900&#8243; text_transform=&#8221;uppercase&#8221;]sfida aperta[\/vc_custom_heading][vc_separator sep_color=&#8221;color-xsdn&#8221; el_height=&#8221;2px&#8221;][vc_empty_space empty_h=&#8221;2&#8243;][vc_row_inner row_inner_height_percent=&#8221;0&#8243; overlay_alpha=&#8221;50&#8243; equal_height=&#8221;yes&#8221; gutter_size=&#8221;4&#8243; shift_y=&#8221;0&#8243; z_index=&#8221;0&#8243;][vc_column_inner column_width_percent=&#8221;100&#8243; position_vertical=&#8221;middle&#8221; gutter_size=&#8221;3&#8243; style=&#8221;dark&#8221; overlay_alpha=&#8221;50&#8243; border_color=&#8221;color-xsdn&#8221; border_style=&#8221;solid&#8221; shift_x=&#8221;0&#8243; shift_y=&#8221;0&#8243; shift_y_down=&#8221;0&#8243; z_index=&#8221;0&#8243; medium_width=&#8221;0&#8243; mobile_width=&#8221;0&#8243; width=&#8221;1\/2&#8243; css=&#8221;.vc_custom_1616751701087{border-right-width: 1px !important;padding-right: 50px !important;}&#8221;][vc_custom_heading text_size=&#8221;h4&#8243; text_weight=&#8221;700&#8243;]Rilancio di AMSC[\/vc_custom_heading][\/vc_column_inner][vc_column_inner column_width_percent=&#8221;100&#8243; gutter_size=&#8221;3&#8243; style=&#8221;dark&#8221; overlay_alpha=&#8221;50&#8243; shift_x=&#8221;0&#8243; shift_y=&#8221;0&#8243; shift_y_down=&#8221;0&#8243; z_index=&#8221;0&#8243; medium_width=&#8221;0&#8243; mobile_width=&#8221;0&#8243; width=&#8221;1\/2&#8243;][vc_column_text]<strong>Non ultimato il rilancio di AMSC, societ\u00e0 partecipata dal Comune, comunque riportata in attivo nel 2019, dopo tre anni di chiusure negative. Da realizzare la riqualifica della piscina e la cessione del ramo aziendale riferito al trasporto pubblico locale<\/strong>[\/vc_column_text][\/vc_column_inner][\/vc_row_inner][\/vc_column][\/vc_row]<\/p>\n","protected":false},"excerpt":{"rendered":"<p>[vc_row row_height_percent=&#8221;0&#8243; back_image=&#8221;59&#8243; overlay_color=&#8221;color-prif&#8221; overlay_alpha=&#8221;30&#8243; gutter_size=&#8221;3&#8243; column_width_percent=&#8221;100&#8243; shift_y=&#8221;0&#8243; z_index=&#8221;0&#8243; row_height_pixel=&#8221;300&#8243;][vc_column column_width_percent=&#8221;100&#8243; position_vertical=&#8221;middle&#8221; align_horizontal=&#8221;align_center&#8221; gutter_size=&#8221;3&#8243; style=&#8221;dark&#8221; overlay_alpha=&#8221;50&#8243; shift_x=&#8221;0&#8243; shift_y=&#8221;0&#8243; shift_y_down=&#8221;0&#8243; z_index=&#8221;0&#8243; [&hellip;]<\/p>\n","protected":false},"author":2,"featured_media":0,"parent":0,"menu_order":0,"comment_status":"closed","ping_status":"closed","template":"","meta":[],"_links":{"self":[{"href":"http:\/\/redup.xyz\/SVILUPPO\/gallarate\/wp-json\/wp\/v2\/pages\/727"}],"collection":[{"href":"http:\/\/redup.xyz\/SVILUPPO\/gallarate\/wp-json\/wp\/v2\/pages"}],"about":[{"href":"http:\/\/redup.xyz\/SVILUPPO\/gallarate\/wp-json\/wp\/v2\/types\/page"}],"author":[{"embeddable":true,"href":"http:\/\/redup.xyz\/SVILUPPO\/gallarate\/wp-json\/wp\/v2\/users\/2"}],"replies":[{"embeddable":true,"href":"http:\/\/redup.xyz\/SVILUPPO\/gallarate\/wp-json\/wp\/v2\/comments?post=727"}],"version-history":[{"count":5,"href":"http:\/\/redup.xyz\/SVILUPPO\/gallarate\/wp-json\/wp\/v2\/pages\/727\/revisions"}],"predecessor-version":[{"id":743,"href":"http:\/\/redup.xyz\/SVILUPPO\/gallarate\/wp-json\/wp\/v2\/pages\/727\/revisions\/743"}],"wp:attachment":[{"href":"http:\/\/redup.xyz\/SVILUPPO\/gallarate\/wp-json\/wp\/v2\/media?parent=727"}],"curies":[{"name":"wp","href":"https:\/\/api.w.org\/{rel}","templated":true}]}}