{"id":657,"date":"2021-04-07T15:22:20","date_gmt":"2021-04-07T13:22:20","guid":{"rendered":"http:\/\/redup.xyz\/SVILUPPO\/gallarate\/?page_id=657"},"modified":"2021-04-21T10:05:18","modified_gmt":"2021-04-21T08:05:18","slug":"gestione-dellemergenza-covid-19","status":"publish","type":"page","link":"http:\/\/redup.xyz\/SVILUPPO\/gallarate\/gestione-dellemergenza-covid-19\/","title":{"rendered":"Gestione dell\u2019emergenza Covid-19"},"content":{"rendered":"<p>[vc_row row_height_percent=&#8221;0&#8243; override_padding=&#8221;yes&#8221; h_padding=&#8221;2&#8243; top_padding=&#8221;0&#8243; bottom_padding=&#8221;0&#8243; back_color=&#8221;color-203051&#8243; overlay_alpha=&#8221;50&#8243; equal_height=&#8221;yes&#8221; gutter_size=&#8221;3&#8243; column_width_percent=&#8221;100&#8243; shift_y=&#8221;0&#8243; z_index=&#8221;0&#8243; row_height_pixel=&#8221;350px&#8221;][vc_column column_width_percent=&#8221;100&#8243; position_vertical=&#8221;middle&#8221; gutter_size=&#8221;3&#8243; style=&#8221;dark&#8221; back_image=&#8221;422&#8243; overlay_color=&#8221;color-jevc&#8221; overlay_alpha=&#8221;50&#8243; shift_x=&#8221;0&#8243; shift_y=&#8221;0&#8243; shift_y_down=&#8221;0&#8243; z_index=&#8221;0&#8243; medium_width=&#8221;0&#8243; mobile_width=&#8221;0&#8243; width=&#8221;1\/1&#8243;][vc_custom_heading auto_text=&#8221;yes&#8221; text_font=&#8221;font-555555&#8243; text_weight=&#8221;900&#8243;]This is a custom heading element.[\/vc_custom_heading][\/vc_column][\/vc_row][vc_row][vc_column width=&#8221;1\/1&#8243;][vc_row_inner row_inner_height_percent=&#8221;0&#8243; overlay_alpha=&#8221;50&#8243; equal_height=&#8221;yes&#8221; gutter_size=&#8221;3&#8243; shift_y=&#8221;0&#8243; z_index=&#8221;0&#8243; limit_content=&#8221;&#8221;][vc_column_inner column_width_percent=&#8221;100&#8243; position_vertical=&#8221;middle&#8221; gutter_size=&#8221;3&#8243; overlay_alpha=&#8221;50&#8243; shift_x=&#8221;0&#8243; shift_y=&#8221;0&#8243; shift_y_down=&#8221;0&#8243; z_index=&#8221;0&#8243; medium_width=&#8221;0&#8243; mobile_width=&#8221;0&#8243; width=&#8221;1\/3&#8243;][vc_column_text]<\/p>\n<h4>I numeri dell\u2019emergenza<\/h4>\n<p>[\/vc_column_text][\/vc_column_inner][vc_column_inner width=&#8221;2\/3&#8243;][vc_column_text]<span style=\"color: #800000;\"><strong>&gt;4.000<\/strong><\/span>\u00a0contagiati<br \/>\n<span style=\"color: #800000;\"><strong>&gt;125<\/strong><\/span>\u00a0decessi in un anno di Covid[\/vc_column_text][\/vc_column_inner][\/vc_row_inner][vc_separator sep_color=&#8221;color-203051&#8243; el_height=&#8221;3px&#8221;][\/vc_column][\/vc_row][vc_row][vc_column width=&#8221;1\/1&#8243;][vc_row_inner row_inner_height_percent=&#8221;0&#8243; overlay_alpha=&#8221;50&#8243; equal_height=&#8221;yes&#8221; gutter_size=&#8221;3&#8243; shift_y=&#8221;0&#8243; z_index=&#8221;0&#8243; limit_content=&#8221;&#8221;][vc_column_inner column_width_percent=&#8221;100&#8243; position_vertical=&#8221;middle&#8221; gutter_size=&#8221;3&#8243; overlay_alpha=&#8221;50&#8243; shift_x=&#8221;0&#8243; shift_y=&#8221;0&#8243; shift_y_down=&#8221;0&#8243; z_index=&#8221;0&#8243; medium_width=&#8221;0&#8243; mobile_width=&#8221;0&#8243; width=&#8221;1\/3&#8243;][vc_column_text]<\/p>\n<h4>L\u2019Amministrazione si attiva insieme alla comunit\u00e0<\/h4>\n<p>[\/vc_column_text][\/vc_column_inner][vc_column_inner width=&#8221;2\/3&#8243;][vc_column_text]<span style=\"color: #b80808;\"><strong>&gt;150<\/strong> <\/span>postazioni di smart working attivate per i dipendenti comunali per assicurare la continuit\u00e0 ai servizi<br \/>\n<span style=\"color: #b80808;\"><strong>20<\/strong><\/span> volontari della Protezione Civile nel 2020. Sono stati attivati <span style=\"color: #b80808;\"><strong>278<\/strong><\/span> volte per un totale di<span style=\"color: #b80808;\"> <strong>2.612<\/strong><\/span> ore<br \/>\n<span style=\"color: #b80808;\"><strong style=\"font-family: -apple-system, BlinkMacSystemFont, 'Segoe UI', Roboto, Oxygen-Sans, Ubuntu, Cantarell, 'Helvetica Neue', sans-serif;\">Pi\u00f9 di 110.000<\/strong><\/span> mascherine distribuite dalla Protezione Civile, di cui <strong>42.000<\/strong> frutto di sponsorizzazioni\/donazioni<br \/>\n<strong>&gt;<\/strong><strong>200<\/strong>\u00a0volontari coinvolti per oltre\u00a0<strong>5.000<\/strong>\u00a0ore di lavoro[\/vc_column_text][\/vc_column_inner][\/vc_row_inner][vc_separator sep_color=&#8221;color-203051&#8243; el_height=&#8221;3px&#8221;][\/vc_column][\/vc_row][vc_row][vc_column width=&#8221;1\/1&#8243;][vc_row_inner row_inner_height_percent=&#8221;0&#8243; overlay_alpha=&#8221;50&#8243; equal_height=&#8221;yes&#8221; gutter_size=&#8221;3&#8243; shift_y=&#8221;0&#8243; z_index=&#8221;0&#8243; limit_content=&#8221;&#8221;][vc_column_inner column_width_percent=&#8221;100&#8243; position_vertical=&#8221;middle&#8221; gutter_size=&#8221;3&#8243; overlay_alpha=&#8221;50&#8243; shift_x=&#8221;0&#8243; shift_y=&#8221;0&#8243; shift_y_down=&#8221;0&#8243; z_index=&#8221;0&#8243; medium_width=&#8221;0&#8243; mobile_width=&#8221;0&#8243; width=&#8221;1\/3&#8243;][vc_column_text]<\/p>\n<h4>Nuovi servizi e misure per sostenere la ripresa<\/h4>\n<p>[\/vc_column_text][\/vc_column_inner][vc_column_inner width=&#8221;2\/3&#8243;][vc_column_text]<span style=\"color: #800000;\"><strong>1,7 milioni di euro<\/strong><\/span> per le misure a sostegno dei cittadini in difficolt\u00e0 &#8211; buoni alimentari, sostegno al reddito e al pagamento dell\u2019affitto \u2013 per il rimborso dei servizi non fruiti, sostenere le famiglie nelle spese scolastiche e di accudimento e favorire l\u2019inclusione degli studenti con disabilit\u00e0 durante la pandemia.<br \/>\n<strong>&gt;300 mila euro<\/strong> le risorse comunali e regionali stanziate per la ripresa delle attivit\u00e0 produttive<br \/>\n<strong>-50% la TOSAP<\/strong> per attivit\u00e0 di bar e ristoranti e<strong> -30% la TARI<\/strong> per tutte le utenze non domestiche<br \/>\n<strong>Parcheggi Seprio Park gratuiti<\/strong> per 6 mesi dal 1\u00b0 luglio 2020 al 31 dicembre 2020<br \/>\n<strong>\u20ac 35.000<\/strong> per sostenere le spese di adeguamento ai protocolli di sicurezza delle societ\u00e0 sportive<br \/>\n<strong>455<\/strong> controlli anti-assembramento effettuati dalla Polizia Locale durante l\u2019emergenza[\/vc_column_text][\/vc_column_inner][\/vc_row_inner][vc_separator sep_color=&#8221;color-203051&#8243; el_height=&#8221;3px&#8221;][\/vc_column][\/vc_row][vc_row][vc_column width=&#8221;1\/1&#8243;][vc_accordion active_tab=&#8221;no&#8221; el_class=&#8221;myacc progetti&#8221;][vc_accordion_tab gutter_size=&#8221;2&#8243; column_padding=&#8221;2&#8243; title=&#8221;L\u2019azione di coordinamento&#8221; tab_id=&#8221;1616609075-1-54dba9-d869c414-d094&#8243;][vc_row_inner row_inner_height_percent=&#8221;0&#8243; overlay_alpha=&#8221;50&#8243; gutter_size=&#8221;4&#8243; border_color=&#8221;color-109226&#8243; border_style=&#8221;solid&#8221; shift_y=&#8221;0&#8243; z_index=&#8221;0&#8243; css=&#8221;.vc_custom_1616611356312{margin-bottom: 1px !important;}&#8221; limit_content=&#8221;&#8221;][vc_column_inner width=&#8221;3\/4&#8243;][vc_column_text]Ai fini di rispondere celermente e in maniera efficace all\u2019emergenza, \u00e8 stata attivata l\u2019UCL Unit\u00e0 di Crisi Locale che ha permesso fin da subito di aggregare un gran numero di volontari, di coordinarne le attivit\u00e0 secondo le competenze specifiche ed evitando il formarsi sul territorio di iniziative disarticolate e improvvisate.<\/p>\n<p>Successivamente \u00e8 stato attivato il COC, Centro Operativo Comunale; si tratta di un modello organizzativo che ha permesso di partecipare anche alle attivit\u00e0 coordinate a livello provinciale e regionale. All\u2019interno del COC sono stati nominati i responsabili delle funzioni: Volontariato, Sanit\u00e0 e Assistenza Sociale, Assistenza alla popolazione.<\/p>\n<p>Il coordinamento tra i vari attori coinvolti \u00e8 stato essenziale, in particolare quello tra Amministrazione, Protezione Civile e le diverse associazioni presenti sul territorio. I volontari attivi sono stati oltre 200, per un totale di oltre 5.000 ore di lavoro, necessarie a<\/p>\n<ul>\n<li>distribuire le mascherine porta a porta prima e successivamente con 25 postazioni distribuite nei rioni<\/li>\n<li>consegnare pi\u00f9 di 600 spese tra alimentari e farmaci.<\/li>\n<li>consegnare effetti personali all\u2019ospedale per conto di famigliari in quarantena.<\/li>\n<li>accompagnare gli anziani per i prelievi bancomat e per il ritiro della pensione.<\/li>\n<li>trasportare le merci destinate alle associazioni che si occupano dell\u2019emergenza alimentare (Caritas e banco della famiglia).<\/li>\n<li>distribuire buoni spesa affiancando la Polizia Locale dimezzando cos\u00ec i tempi di consegna.<\/li>\n<li>supportare le attivit\u00e0 provinciali (presidio POLFER presso la stazione di Gallarate, assistenza all\u2019ASST) e regionali (Centralino AREU).<\/li>\n<li>presidiare i parchi e i cimiteri durante la prima riapertura.<\/li>\n<\/ul>\n<p>Durante la seconda ondata il Comune ha affiancato l\u2019ASST sovraccaricata dalle richieste di tampone, permettendo ai cittadini gallaratesi di poter prenotare il tampone del decimo giorno attraverso il servizio del segnalagallarate. Un&#8217;altra importante attivit\u00e0 in ambito sanitario \u00e8 stata quella di dare la possibilit\u00e0 ai cittadini positivi di accedere ai Covid hotel al fine di non contagiare i propri familiari.[\/vc_column_text][vc_empty_space empty_h=&#8221;2&#8243;][\/vc_column_inner][vc_column_inner column_width_percent=&#8221;100&#8243; gutter_size=&#8221;1&#8243; overlay_alpha=&#8221;50&#8243; shift_x=&#8221;0&#8243; shift_y=&#8221;0&#8243; shift_y_down=&#8221;0&#8243; z_index=&#8221;0&#8243; medium_width=&#8221;0&#8243; mobile_width=&#8221;0&#8243; width=&#8221;1\/4&#8243;][\/vc_column_inner][\/vc_row_inner][vc_row_inner limit_content=&#8221;&#8221;][vc_column_inner width=&#8221;1\/1&#8243;][vc_separator sep_color=&#8221;color-183062&#8243;][vc_empty_space empty_h=&#8221;2&#8243;][\/vc_column_inner][\/vc_row_inner][\/vc_accordion_tab][vc_accordion_tab gutter_size=&#8221;2&#8243; column_padding=&#8221;2&#8243; title=&#8221;L\u2019importanza della comunicazione&#8221; tab_id=&#8221;1617802183233-1-2&#8243;][vc_row_inner row_inner_height_percent=&#8221;0&#8243; overlay_alpha=&#8221;50&#8243; gutter_size=&#8221;4&#8243; border_color=&#8221;color-109226&#8243; border_style=&#8221;solid&#8221; shift_y=&#8221;0&#8243; z_index=&#8221;0&#8243; css=&#8221;.vc_custom_1616611356312{margin-bottom: 1px !important;}&#8221; limit_content=&#8221;&#8221;][vc_column_inner width=&#8221;3\/4&#8243;][vc_column_text]Fin da subito \u00e8 stato creato un numero unico per le necessit\u00e0 al fine di evitare il moltiplicarsi di pi\u00f9 fonti di informazione. Il centralino gestito dalla Croce Rossa ha provveduto a smistare le chiamate a seconda del servizio richiesto.<\/p>\n<p>\u00c8 stata creata anche una linea dedicata esclusivamente ai cittadini positivi al Covid e introdotti appositi numeri legati alle emergenze di natura alimentare, sanitaria o psicologica.<\/p>\n<p>Particolarmente rilevante \u00e8 stata la collaborazione di professionisti locali, tra cui psicologi specializzati in gestione delle emergenze e ostetriche, che si sono resi disponibili a rispondere ai bisogni dei cittadini, tramite consulto telefonico. Alla consegna della spesa nelle famiglie, infatti, la Croce Rossa distribuiva anche volantini con il numero degli specialisti. \u00c8 stato cos\u00ec attivato anche un servizio maternit\u00e0 rivolto a donne in gravidanza e neo mamme e neo pap\u00e0.<\/p>\n<p>Grazie alla collaborazione con Auser \u00e8 nato \u201cA casa con te\u201d, un servizio telefonico gestito dall\u2019associazione e rivolto alla cittadinanza, in particolare agli anziani, per farsi compagnia, sostenersi a vicenda e tener viva la curiosit\u00e0 in ambito culturale.<\/p>\n<p>Durante l\u2019emergenza, il Comune ha utilizzato un sistema di telecomunicazione emergenziale &#8211; Alert System &#8211; che ha consentito di avvisare in 12.500 cittadini, tramite tutte le utenze telefoniche fisse gallaratesi e i numeri di telefono cellulari degli iscritti al servizio di messaggistica. Il sistema ha fornito informazioni puntuali sulle iniziative attivate dal Comune in risposta all\u2019emergenza, sulle modalit\u00e0 di distribuzione delle mascherine, e sui comportamenti da tenere per evitare il diffondersi della pandemia.[\/vc_column_text][vc_empty_space empty_h=&#8221;2&#8243;][\/vc_column_inner][vc_column_inner column_width_percent=&#8221;100&#8243; gutter_size=&#8221;1&#8243; overlay_alpha=&#8221;50&#8243; shift_x=&#8221;0&#8243; shift_y=&#8221;0&#8243; shift_y_down=&#8221;0&#8243; z_index=&#8221;0&#8243; medium_width=&#8221;0&#8243; mobile_width=&#8221;0&#8243; width=&#8221;1\/4&#8243;][\/vc_column_inner][\/vc_row_inner][vc_row_inner limit_content=&#8221;&#8221;][vc_column_inner width=&#8221;1\/1&#8243;][vc_separator sep_color=&#8221;color-183062&#8243;][vc_empty_space empty_h=&#8221;2&#8243;][\/vc_column_inner][\/vc_row_inner][\/vc_accordion_tab][vc_accordion_tab gutter_size=&#8221;2&#8243; column_padding=&#8221;2&#8243; title=&#8221;Nuovi servizi e misure a sostegno di cittadini e attivit\u00e0 produttive&#8221; tab_id=&#8221;1617802727771-2-8&#8243;][vc_row_inner row_inner_height_percent=&#8221;0&#8243; overlay_alpha=&#8221;50&#8243; gutter_size=&#8221;4&#8243; border_color=&#8221;color-109226&#8243; border_style=&#8221;solid&#8221; shift_y=&#8221;0&#8243; z_index=&#8221;0&#8243; css=&#8221;.vc_custom_1616611356312{margin-bottom: 1px !important;}&#8221; limit_content=&#8221;&#8221;][vc_column_inner width=&#8221;3\/4&#8243;][vc_column_text]<strong>Misure per le famiglie:<\/strong><\/p>\n<ul>\n<li>Bando buoni alimentari alle famiglie in difficolt\u00e0, sia in termini di fornitura diretta che in termini di accordo con le realt\u00e0 del terzo settore operanti sul tema. Risorse destinate (fondi da Protezione Civile): \u20ac 282.000, di cui 250.300\u20ac per acquisto diretto di buoni pasto, mentre la differenza \u00e8 stata erogata alle realt\u00e0 cittadine gi\u00e0 operanti sull\u2019emergenza alimentare. La misura per il sostegno alimentare alle famiglie in difficolt\u00e0 \u00e8 stata replicata nel 2021 per gli stessi importi. I beneficiari della misura sono stati rispettivamente: 629 nel 2020 e 654 nel 2021.<\/li>\n<li>una misura <em>una tantum<\/em> di sostegno alle famiglie in difficolt\u00e0 per il pagamento di 4 mensilit\u00e0 del canone di locazione. Le risorse destinate sono state \u20ac 455.520 e i beneficiari 320.<\/li>\n<li>Istituzione del Fondo Fiducia che prevede fino a 1.000\u20ac di contributo <em>una tantum <\/em>per chi ha perso il lavoro a causa dell\u2019emergenza COVID-19. Il contributo \u00e8 di 250\u20ac per chi ha meno di 35 anni, di 500\u20ac per chi ha un\u2019et\u00e0 compresa tra 35 e 50 anni e 1.000\u20ac per coloro che, all\u2019atto della richiesta, hanno gi\u00e0 compiuto 50 anni. Risorse stanziate: \u20ac 283.000. La misura \u00e8 stata prorogata fino al 30 maggio 2021 e al momento i beneficiari risultano 108, per un totale di \u20ac 55.000 erogati.<\/li>\n<li>Azzeramento delle rette degli asili comunali per i mesi da marzo a luglio 2020.<\/li>\n<li>Azzeramento delle rette della Fondazione Consorzio Scuole Materne per i mesi da marzo a luglio 2020.<\/li>\n<li>Bonus zero cinque: contributo una tantum di \u20ac 200 alle famiglie con figli nati dopo il 01\/09\/2014, per sostenere le spese di accudimento durante il <em>lockdown<\/em>. Risorse stanziate: \u20ac 225.400.<\/li>\n<li>Bonus libri: contributo per i libri di testo delle scuole dell\u2019obbligo per gli studenti residenti in Gallarate che frequentano le scuole medie e i primi due anni delle scuole superiori, pubbliche o paritarie. Il contributo \u00e8 di \u20ac 100 per gli studenti di prima media e prima superiore e \u20ac 50 per gli studenti delle altre classi. Risorse dedicate: \u20ac 88.650.<\/li>\n<li>Supporto alla didattica per gli allievi con difficolt\u00e0: erogazione di \u20ac 10.000 per ciascuno dei quattro istituti comprensivi per supportare la didattica e realizzare strutture permanenti finalizzate all\u2019assistenza degli allievi con difficolt\u00e0 specifiche.<\/li>\n<li>Fondo D+: contributo <em>una tantum <\/em>di 1.000 \u20ac alle famiglie gallaratesi con figli con disabilit\u00e0 (dalla scuola materna agli istituti superiori) per l\u2019acquisto di dispositivi e strumenti specifici per la didattica, in particolare quella a distanza. Risorse stanziate: \u20ac 272.250 (risorse non erogate su Bonus zerocinque e Bonus libri).<\/li>\n<li>Riduzione fatturazione servizio utenti Centro Diurno Disabili nell\u2019anno 2020 per un valore complessivo stimato \u20ac 8.000.<\/li>\n<li>Riduzione di 10\u20ac a cittadino sul pagamento della TARI se si procede al pagamento tramite RID bancario. L\u2019importo della tassazione \u00e8 automaticamente ridotto in base al numero dei componenti del nucleo familiare.<\/li>\n<\/ul>\n<p><strong>\u00a0<\/strong><\/p>\n<p><strong>Misure per le aziende:<\/strong><\/p>\n<ul>\n<li>Riduzione della TARI nel 2020 di oltre il 30% per tutte le utenze non domestiche oltre 930.000 \u20ac.<\/li>\n<li>Riduzione della TARI nel 2021 fino al 10% per tutte le utenze.<\/li>\n<li>Riduzione della TOSAP del 50% per attivit\u00e0 di bar e ristoranti per l\u2019intero anno 2020<\/li>\n<li>49 abbonamenti semestrali gratuiti al Seprio Park per le attivit\u00e0 di commercio al dettaglio, servizi di ristorazione e servizi alla persona per i negozianti all\u2019interno della ZTL.<\/li>\n<li>Stanziati 100.000 euro per le piccole e micro imprese, grazie a un bando di Regione Lombardia per valorizzare i Distretti Urbani del Commercio. L\u2019Amministrazione Comunale ha implementato lo stanziamento con risorse proprie di ulteriori 79.000 euro per un totale complessivo di 179.000. Tali risorse hanno consentito il sostegno a circa 60 attivit\u00e0<\/li>\n<li>\u20ac 130.000 stanziati per il bando in corso di definizione per l\u2019erogazione di sostegno alle attivit\u00e0 economiche insediate al di fuori del perimetro del Distretto Urbano del Commercio<\/li>\n<\/ul>\n<p>[\/vc_column_text][vc_empty_space empty_h=&#8221;2&#8243;][\/vc_column_inner][vc_column_inner column_width_percent=&#8221;100&#8243; gutter_size=&#8221;1&#8243; overlay_alpha=&#8221;50&#8243; shift_x=&#8221;0&#8243; shift_y=&#8221;0&#8243; shift_y_down=&#8221;0&#8243; z_index=&#8221;0&#8243; medium_width=&#8221;0&#8243; mobile_width=&#8221;0&#8243; width=&#8221;1\/4&#8243;][\/vc_column_inner][\/vc_row_inner][vc_row_inner limit_content=&#8221;&#8221;][vc_column_inner width=&#8221;1\/1&#8243;][vc_separator sep_color=&#8221;color-183062&#8243;][vc_empty_space empty_h=&#8221;2&#8243;][\/vc_column_inner][\/vc_row_inner][\/vc_accordion_tab][vc_accordion_tab gutter_size=&#8221;2&#8243; column_padding=&#8221;2&#8243; title=&#8221;Sostegno alle associazioni sportive&#8221; tab_id=&#8221;1617803063397-3-7&#8243;][vc_row_inner row_inner_height_percent=&#8221;0&#8243; overlay_alpha=&#8221;50&#8243; gutter_size=&#8221;4&#8243; border_color=&#8221;color-109226&#8243; border_style=&#8221;solid&#8221; shift_y=&#8221;0&#8243; z_index=&#8221;0&#8243; css=&#8221;.vc_custom_1616611356312{margin-bottom: 1px !important;}&#8221; limit_content=&#8221;&#8221;][vc_column_inner width=&#8221;3\/4&#8243;][vc_column_text]<\/p>\n<ul>\n<li>Da settembre 2020, l\u2019Amministrazione concede mezzore gratuite alle societ\u00e0 per la pulizia e l\u2019igienizzazione degli impianti sportivi dopo lo svolgimento delle attivit\u00e0.<\/li>\n<li>Pubblicato un bando che mette a disposizione \u20ac 35.000 per sostenere le spese di adeguamento ai protocolli di sicurezza delle societ\u00e0 sportive, in ottemperanza alle misure di contrasto alla diffusione della pandemia, cui hanno risposto 26 societ\u00e0.<\/li>\n<\/ul>\n<p>[\/vc_column_text][vc_empty_space empty_h=&#8221;2&#8243;][\/vc_column_inner][vc_column_inner column_width_percent=&#8221;100&#8243; gutter_size=&#8221;1&#8243; overlay_alpha=&#8221;50&#8243; shift_x=&#8221;0&#8243; shift_y=&#8221;0&#8243; shift_y_down=&#8221;0&#8243; z_index=&#8221;0&#8243; medium_width=&#8221;0&#8243; mobile_width=&#8221;0&#8243; width=&#8221;1\/4&#8243;][\/vc_column_inner][\/vc_row_inner][vc_row_inner limit_content=&#8221;&#8221;][vc_column_inner width=&#8221;1\/1&#8243;][vc_separator sep_color=&#8221;color-183062&#8243;][vc_empty_space empty_h=&#8221;2&#8243;][\/vc_column_inner][\/vc_row_inner][\/vc_accordion_tab][vc_accordion_tab gutter_size=&#8221;2&#8243; column_padding=&#8221;2&#8243; title=&#8221;I controlli della Polizia Locale&#8221; tab_id=&#8221;1617803139221-4-10&#8243;][vc_row_inner row_inner_height_percent=&#8221;0&#8243; overlay_alpha=&#8221;50&#8243; gutter_size=&#8221;4&#8243; border_color=&#8221;color-109226&#8243; border_style=&#8221;solid&#8221; shift_y=&#8221;0&#8243; z_index=&#8221;0&#8243; css=&#8221;.vc_custom_1616611356312{margin-bottom: 1px !important;}&#8221; limit_content=&#8221;&#8221;][vc_column_inner width=&#8221;3\/4&#8243;][vc_column_text]Tra aprile e ottobre 2020 il Comando di Polizia Locale ha partecipato ai servizi di ordine pubblico disposti dalla Questura, in stretto coordinamento con tutte le Forze di Polizia statali presenti sul territorio, al fine di fronteggiare efficacemente l\u2019emergenza, contestando 13 violazioni. A novembre il Comune di Gallarate ha partecipato come capofila con altri 8 Comuni del medio Verbano al progetto Regionale per garantire servizi straordinari mirati di contrasto all\u2019emergenza sanitaria di controllo del territorio, mettendo a disposizione la Centrale Operativa della Polizia Locale di Gallarate. I controlli anti-assembramento effettuati dalla Polizia Locale durante l\u2019emergenza sono stati 455.[\/vc_column_text][vc_empty_space empty_h=&#8221;2&#8243;][\/vc_column_inner][vc_column_inner column_width_percent=&#8221;100&#8243; gutter_size=&#8221;1&#8243; overlay_alpha=&#8221;50&#8243; shift_x=&#8221;0&#8243; shift_y=&#8221;0&#8243; shift_y_down=&#8221;0&#8243; z_index=&#8221;0&#8243; medium_width=&#8221;0&#8243; mobile_width=&#8221;0&#8243; width=&#8221;1\/4&#8243;][\/vc_column_inner][\/vc_row_inner][vc_row_inner limit_content=&#8221;&#8221;][vc_column_inner width=&#8221;1\/1&#8243;][vc_separator sep_color=&#8221;color-183062&#8243;][vc_empty_space empty_h=&#8221;2&#8243;][\/vc_column_inner][\/vc_row_inner][\/vc_accordion_tab][\/vc_accordion][\/vc_column][\/vc_row]<\/p>\n","protected":false},"excerpt":{"rendered":"<p>[vc_row row_height_percent=&#8221;0&#8243; override_padding=&#8221;yes&#8221; h_padding=&#8221;2&#8243; top_padding=&#8221;0&#8243; bottom_padding=&#8221;0&#8243; back_color=&#8221;color-203051&#8243; overlay_alpha=&#8221;50&#8243; equal_height=&#8221;yes&#8221; gutter_size=&#8221;3&#8243; column_width_percent=&#8221;100&#8243; shift_y=&#8221;0&#8243; z_index=&#8221;0&#8243; row_height_pixel=&#8221;350px&#8221;][vc_column column_width_percent=&#8221;100&#8243; position_vertical=&#8221;middle&#8221; gutter_size=&#8221;3&#8243; style=&#8221;dark&#8221; back_image=&#8221;422&#8243; overlay_color=&#8221;color-jevc&#8221; [&hellip;]<\/p>\n","protected":false},"author":2,"featured_media":0,"parent":0,"menu_order":0,"comment_status":"closed","ping_status":"closed","template":"","meta":[],"_links":{"self":[{"href":"http:\/\/redup.xyz\/SVILUPPO\/gallarate\/wp-json\/wp\/v2\/pages\/657"}],"collection":[{"href":"http:\/\/redup.xyz\/SVILUPPO\/gallarate\/wp-json\/wp\/v2\/pages"}],"about":[{"href":"http:\/\/redup.xyz\/SVILUPPO\/gallarate\/wp-json\/wp\/v2\/types\/page"}],"author":[{"embeddable":true,"href":"http:\/\/redup.xyz\/SVILUPPO\/gallarate\/wp-json\/wp\/v2\/users\/2"}],"replies":[{"embeddable":true,"href":"http:\/\/redup.xyz\/SVILUPPO\/gallarate\/wp-json\/wp\/v2\/comments?post=657"}],"version-history":[{"count":10,"href":"http:\/\/redup.xyz\/SVILUPPO\/gallarate\/wp-json\/wp\/v2\/pages\/657\/revisions"}],"predecessor-version":[{"id":821,"href":"http:\/\/redup.xyz\/SVILUPPO\/gallarate\/wp-json\/wp\/v2\/pages\/657\/revisions\/821"}],"wp:attachment":[{"href":"http:\/\/redup.xyz\/SVILUPPO\/gallarate\/wp-json\/wp\/v2\/media?parent=657"}],"curies":[{"name":"wp","href":"https:\/\/api.w.org\/{rel}","templated":true}]}}