{"id":216,"date":"2021-03-25T19:55:54","date_gmt":"2021-03-25T18:55:54","guid":{"rendered":"http:\/\/redup.xyz\/SVILUPPO\/gallarate\/?page_id=216"},"modified":"2021-04-08T15:49:12","modified_gmt":"2021-04-08T13:49:12","slug":"tutela-del-verde-e-degli-animali","status":"publish","type":"page","link":"http:\/\/redup.xyz\/SVILUPPO\/gallarate\/tutela-del-verde-e-degli-animali\/","title":{"rendered":"TUTELA DEL VERDE E DEGLI ANIMALI"},"content":{"rendered":"<p>[vc_row row_height_percent=&#8221;0&#8243; back_color=&#8221;color-198040&#8243; overlay_alpha=&#8221;50&#8243; equal_height=&#8221;yes&#8221; gutter_size=&#8221;3&#8243; column_width_percent=&#8221;100&#8243; shift_y=&#8221;0&#8243; z_index=&#8221;0&#8243;][vc_column width=&#8221;1\/4&#8243;][vc_single_image media=&#8221;23&#8243; media_width_percent=&#8221;80&#8243;][\/vc_column][vc_column column_width_percent=&#8221;100&#8243; position_vertical=&#8221;middle&#8221; gutter_size=&#8221;3&#8243; style=&#8221;dark&#8221; overlay_alpha=&#8221;50&#8243; border_color=&#8221;color-xsdn&#8221; border_style=&#8221;dotted&#8221; shift_x=&#8221;0&#8243; shift_y=&#8221;0&#8243; shift_y_down=&#8221;0&#8243; z_index=&#8221;0&#8243; medium_width=&#8221;0&#8243; mobile_width=&#8221;0&#8243; width=&#8221;3\/4&#8243; css=&#8221;.vc_custom_1616657220661{border-left-width: 2px !important;padding-left: 40px !important;}&#8221;][vc_custom_heading auto_text=&#8221;yes&#8221; text_font=&#8221;font-555555&#8243; text_size=&#8221;h1&#8243; text_weight=&#8221;900&#8243;]This is a custom heading element.[\/vc_custom_heading][\/vc_column][\/vc_row][vc_row row_height_percent=&#8221;0&#8243; overlay_color=&#8221;color-gyho&#8221; overlay_alpha=&#8221;50&#8243; equal_height=&#8221;yes&#8221; gutter_size=&#8221;3&#8243; column_width_percent=&#8221;100&#8243; shift_y=&#8221;0&#8243; z_index=&#8221;0&#8243;][vc_column column_width_percent=&#8221;100&#8243; align_horizontal=&#8221;align_center&#8221; gutter_size=&#8221;3&#8243; back_color=&#8221;color-xsdn&#8221; overlay_alpha=&#8221;50&#8243; shift_x=&#8221;0&#8243; shift_y=&#8221;0&#8243; shift_y_down=&#8221;0&#8243; z_index=&#8221;0&#8243; medium_width=&#8221;0&#8243; mobile_width=&#8221;0&#8243; width=&#8221;1\/4&#8243;][vc_custom_heading text_font=&#8221;font-555555&#8243; text_weight=&#8221;900&#8243; text_color=&#8221;color-198040&#8243;]1,8 mln di \u20ac[\/vc_custom_heading][vc_column_text]<strong>Risorse per la manutenzione del verde per il 2020-2023, + 50% rispetto al triennio precedente.<\/strong>[\/vc_column_text][\/vc_column][vc_column column_width_percent=&#8221;100&#8243; align_horizontal=&#8221;align_center&#8221; gutter_size=&#8221;3&#8243; back_color=&#8221;color-xsdn&#8221; overlay_alpha=&#8221;50&#8243; shift_x=&#8221;0&#8243; shift_y=&#8221;0&#8243; shift_y_down=&#8221;0&#8243; z_index=&#8221;0&#8243; medium_width=&#8221;0&#8243; mobile_width=&#8221;0&#8243; width=&#8221;1\/4&#8243;][vc_custom_heading text_weight=&#8221;900&#8243; text_color=&#8221;color-198040&#8243;]1,2 mln di \u20ac[\/vc_custom_heading][vc_column_text]<strong>Investiti nel 2020 per la riqualificazione e messa in sicurezza di tutti e 42 i parchi cittadini.<\/strong>[\/vc_column_text][\/vc_column][vc_column column_width_percent=&#8221;100&#8243; align_horizontal=&#8221;align_center&#8221; gutter_size=&#8221;3&#8243; back_color=&#8221;color-xsdn&#8221; overlay_alpha=&#8221;50&#8243; shift_x=&#8221;0&#8243; shift_y=&#8221;0&#8243; shift_y_down=&#8221;0&#8243; z_index=&#8221;0&#8243; medium_width=&#8221;0&#8243; mobile_width=&#8221;0&#8243; width=&#8221;1\/4&#8243;][vc_custom_heading text_weight=&#8221;900&#8243; text_color=&#8221;color-198040&#8243;]+ 1[\/vc_custom_heading][vc_column_text]<strong>Nuovo Parco inclusivo realizzato<br \/>\nin via Bottini e 6 giochi inclusivi sponsorizzati nei parchi cittadini.<\/strong>[\/vc_column_text][\/vc_column][vc_column column_width_percent=&#8221;100&#8243; align_horizontal=&#8221;align_center&#8221; gutter_size=&#8221;3&#8243; back_color=&#8221;color-xsdn&#8221; overlay_alpha=&#8221;50&#8243; shift_x=&#8221;0&#8243; shift_y=&#8221;0&#8243; shift_y_down=&#8221;0&#8243; z_index=&#8221;0&#8243; medium_width=&#8221;0&#8243; mobile_width=&#8221;0&#8243; width=&#8221;1\/4&#8243;][vc_custom_heading text_weight=&#8221;900&#8243; text_color=&#8221;color-198040&#8243;]+ 5[\/vc_custom_heading][vc_column_text]<strong>Aree cani realizzate in citt\u00e0, 3 gi\u00e0 completate e 2 lo saranno entro il 2021.<\/strong>[\/vc_column_text][\/vc_column][\/vc_row][vc_row][vc_column width=&#8221;1\/1&#8243;][vc_column_text]<\/p>\n<h5>Migliorare la cura del verde urbano, mettere in sicurezza e riqualificare i parchi esistenti, anche in una logica inclusiva, sono le priorit\u00e0 che hanno guidato l\u2019azione amministrativa.<\/h5>\n<p>[\/vc_column_text][\/vc_column][\/vc_row][vc_row][vc_column width=&#8221;1\/1&#8243;][vc_accordion active_tab=&#8221;no&#8221; el_class=&#8221;myacc tutela&#8221;][vc_accordion_tab gutter_size=&#8221;2&#8243; column_padding=&#8221;2&#8243; title=&#8221;GLI IMPEGNI ASSUNTI&#8221; tab_id=&#8221;1616609075-1-5414f6-42bf&#8221;][vc_row_inner row_inner_height_percent=&#8221;0&#8243; overlay_alpha=&#8221;50&#8243; gutter_size=&#8221;4&#8243; border_color=&#8221;color-109226&#8243; border_style=&#8221;solid&#8221; shift_y=&#8221;0&#8243; z_index=&#8221;0&#8243; css=&#8221;.vc_custom_1616611356312{margin-bottom: 1px !important;}&#8221; limit_content=&#8221;&#8221;][vc_column_inner width=&#8221;3\/4&#8243;][vc_column_text]<\/p>\n<blockquote>\n<p><strong>Installazione di centraline SOS collegate direttamente alle Forze dell\u2019Ordine nelle aree verdi meno frequentate o comunque pi\u00f9 nascoste (es. Boschina).<\/strong><\/p>\n<\/blockquote>\n<p>Per garantire maggiore sicurezza ai cittadini che usufruiscono delle aree verdi anche in zone meno frequentate, \u00e8 stata acquistata una colonnina SOS dotata di telecamera che \u00e8 stata poi installata nell\u2019area della Boschina.[\/vc_column_text][vc_empty_space empty_h=&#8221;2&#8243;][\/vc_column_inner][vc_column_inner column_width_percent=&#8221;100&#8243; gutter_size=&#8221;1&#8243; overlay_alpha=&#8221;50&#8243; shift_x=&#8221;0&#8243; shift_y=&#8221;0&#8243; shift_y_down=&#8221;0&#8243; z_index=&#8221;0&#8243; medium_width=&#8221;0&#8243; mobile_width=&#8221;0&#8243; width=&#8221;1\/4&#8243;][uncode_block id=&#8221;148&#8243; inside_column=&#8221;yes&#8221;][\/vc_column_inner][\/vc_row_inner][vc_row_inner limit_content=&#8221;&#8221;][vc_column_inner width=&#8221;1\/1&#8243;][vc_separator sep_color=&#8221;color-198040&#8243;][vc_empty_space empty_h=&#8221;2&#8243;][\/vc_column_inner][\/vc_row_inner][vc_row_inner row_inner_height_percent=&#8221;0&#8243; overlay_alpha=&#8221;50&#8243; gutter_size=&#8221;4&#8243; border_color=&#8221;color-109226&#8243; border_style=&#8221;solid&#8221; shift_y=&#8221;0&#8243; z_index=&#8221;0&#8243; css=&#8221;.vc_custom_1616611365174{margin-bottom: 1px !important;}&#8221; limit_content=&#8221;&#8221;][vc_column_inner width=&#8221;3\/4&#8243;][vc_column_text]<\/p>\n<blockquote>\n<p><strong>Installazione di chioschi all\u2019interno del Parco Bassetti da dare in gestione a privati, che si dovranno occupare della pulizia e del decoro del parco stesso, per renderlo pienamente fruibile e incentivare le attivit\u00e0 ricreative <\/strong><\/p>\n<\/blockquote>\n<p>Per permettere una maggiore frequentazione e un migliore mantenimento del Parco Bassetti, \u00e8 stato deciso di realizzare un chiosco al suo interno. La costruzione \u00e8 stata completata nel 2019, e nel 2020 \u00e8 stata rilasciata l\u2019autorizzazione per esercitare l\u2019attivit\u00e0 di commercio, che riscontra una buona frequentazione da parte dei cittadini. Durante il lockdown, il chiosco ha proseguito l\u2019attivit\u00e0 tramite servizio di asporto.[\/vc_column_text][vc_empty_space empty_h=&#8221;2&#8243;][\/vc_column_inner][vc_column_inner column_width_percent=&#8221;100&#8243; gutter_size=&#8221;1&#8243; overlay_alpha=&#8221;50&#8243; shift_x=&#8221;0&#8243; shift_y=&#8221;0&#8243; shift_y_down=&#8221;0&#8243; z_index=&#8221;0&#8243; medium_width=&#8221;0&#8243; mobile_width=&#8221;0&#8243; width=&#8221;1\/4&#8243;][uncode_block id=&#8221;148&#8243; inside_column=&#8221;yes&#8221;][\/vc_column_inner][\/vc_row_inner][vc_row_inner limit_content=&#8221;&#8221;][vc_column_inner width=&#8221;1\/1&#8243;][vc_separator sep_color=&#8221;color-198040&#8243;][vc_empty_space empty_h=&#8221;2&#8243;][\/vc_column_inner][\/vc_row_inner][vc_row_inner row_inner_height_percent=&#8221;0&#8243; overlay_alpha=&#8221;50&#8243; gutter_size=&#8221;4&#8243; border_color=&#8221;color-109226&#8243; border_style=&#8221;solid&#8221; shift_y=&#8221;0&#8243; z_index=&#8221;0&#8243; css=&#8221;.vc_custom_1616611365174{margin-bottom: 1px !important;}&#8221; limit_content=&#8221;&#8221;][vc_column_inner width=&#8221;3\/4&#8243;][vc_column_text]<\/p>\n<blockquote>\n<p><strong>Saranno ristrutturati, resi pi\u00f9 sicuri e controllati i parchi giochi della citt\u00e0, dotandoli di nuovi giochi per bambini e creando pavimentazione anti-trauma<\/strong><\/p>\n<\/blockquote>\n<p>Le priorit\u00e0 e gli interventi di manutenzione dei parchi giochi sono programmati ed eseguiti in relazione ai report di richieste che pervengono dalle Consulte rionali e dal Bilancio Partecipato. \u00c8 stato, infatti, grazie a quest\u2019ultimo se nel 2018 \u00e8 stato realizzato il campo da basket situato nel Parco di via delle Rose, molto apprezzato e frequentato dai cittadini.<\/p>\n<p>Per rendere pi\u00f9 fruibili i parchi gioco cittadini anche ai bambini con disabilit\u00e0, il Parco Giochi in Via Bottini, grazie all\u2019accordo di sponsorizzazione con i Lions International di Gallarate, \u00e8 stato dotato di giochi inclusivi.<\/p>\n<p>Nel 2020 il Comune ha stanziato 1,2 milioni di euro per la riqualificazione dei parchi, di cui una parte sono gi\u00e0 stati affidati e utilizzati per l\u2019apposizione di recinzioni, la sostituzione di cancelli pedonali e carrai, il rifacimento delle percorrenze e il ripristino delle fontanelle. Si \u00e8 conclusa anche la progettazione di due successivi lotti per la riqualificazione dei giochi e del verde, che saranno realizzati nel 2021. Nel dettaglio, gli importi dei lotti risultano cos\u00ec suddivisi:<\/p>\n<ul>\n<li>Primo lotto: 450 mila euro per nuove percorrenze, cancellate e recinzioni<\/li>\n<li>Secondo lotto: 600 mila euro per fornitura e posa in opera dell\u2019arredo (panchine, cestini, giochi)<\/li>\n<li>Terzo lotto: 150 mila euro per la sistemazione dei prati e per le piantumazioni.<\/li>\n<\/ul>\n<p>[\/vc_column_text][vc_empty_space empty_h=&#8221;2&#8243;][\/vc_column_inner][vc_column_inner column_width_percent=&#8221;100&#8243; gutter_size=&#8221;1&#8243; overlay_alpha=&#8221;50&#8243; shift_x=&#8221;0&#8243; shift_y=&#8221;0&#8243; shift_y_down=&#8221;0&#8243; z_index=&#8221;0&#8243; medium_width=&#8221;0&#8243; mobile_width=&#8221;0&#8243; width=&#8221;1\/4&#8243;][uncode_block id=&#8221;153&#8243; inside_column=&#8221;yes&#8221;][\/vc_column_inner][\/vc_row_inner][vc_row_inner limit_content=&#8221;&#8221;][vc_column_inner width=&#8221;1\/1&#8243;][vc_separator sep_color=&#8221;color-198040&#8243;][vc_empty_space empty_h=&#8221;2&#8243;][\/vc_column_inner][\/vc_row_inner][vc_row_inner row_inner_height_percent=&#8221;0&#8243; overlay_alpha=&#8221;50&#8243; gutter_size=&#8221;4&#8243; border_color=&#8221;color-109226&#8243; border_style=&#8221;solid&#8221; shift_y=&#8221;0&#8243; z_index=&#8221;0&#8243; css=&#8221;.vc_custom_1616611365174{margin-bottom: 1px !important;}&#8221; limit_content=&#8221;&#8221;][vc_column_inner width=&#8221;3\/4&#8243;][vc_column_text]<\/p>\n<blockquote>\n<p><strong>L\u2019Amministrazione far\u00e0 in modo che la citt\u00e0 sia Pet Friendly ovvero a misura di animale, creando servizi semplici e aree destinate ai cani nelle varie zone della citt\u00e0<\/strong><\/p>\n<\/blockquote>\n<p>Nel 2019 \u00e8 stato inaugurato il nuovo parco per cani di via Mameli, il terzo in citt\u00e0 realizzato dall\u2019Amministrazione per rendere pi\u00f9 liberi i cani, ma anche pi\u00f9 pulita e decorosa la citt\u00e0. A tal proposito sono 57 le sanzioni ai padroni che non contribuiscono a mantenere in ordine marciapiedi, strade e parchi pubblici. Nel Rione Sciar\u00e8, per volont\u00e0 della Consulta rionale, sono stati realizzati dei pittogrammi sui marciapiedi per sensibilizzare i proprietari di cani alla raccolta delle deiezioni; mentre in Piazza Libert\u00e0\/Piazzetta San Pietro sono stati posizionati dei cartelli di divieto di somministrazione di cibo ai piccioni.<\/p>\n<p>Nel maggio 2019, \u00e8 stata approvata dall\u2019Amministrazione Comunale la sponsorizzazione da parte dell\u2019Associazione di Volontariato Gattaland \u2013 Parco Felino di Gallarate Onlus, per la gestione del Gattile nell\u2019area \u201cBoschetto di via Allende\u201d. L\u2019associazione, oltre a gestire l\u2019area e accudire i gatti, provvede anche a promuovere un\u2019attivit\u00e0 di educazione e sensibilizzazione dei cittadini attraverso l\u2019organizzazione di visite guidate, incontri a tema ed attivit\u00e0 mirate alla valorizzazione dell\u2019ambiente.<br \/>\nNel febbraio 2020 \u00e8 stata avviata una procedura di gara per l\u2019affidamento del servizio di gestione del canile rifugio per il triennio 2020\/2023. Procedura che si \u00e8 conclusa con l\u2019affidamento della struttura all\u2019Associazione Temporanea di Scopo (ATS) Pensiero Meticcio \u2013 Associazione Piccoli Animali Randagi (APAR). Il nuovo capitolato prevede che l\u2019Amministrazione Comunale metta a disposizione gratuitamente locali e spazi pubblici, patrocinando campagne di sensibilizzazione per promuovere l\u2019adozione e l\u2019affido degli animali ospiti della struttura stessa.[\/vc_column_text][vc_empty_space empty_h=&#8221;2&#8243;][\/vc_column_inner][vc_column_inner column_width_percent=&#8221;100&#8243; gutter_size=&#8221;1&#8243; overlay_alpha=&#8221;50&#8243; shift_x=&#8221;0&#8243; shift_y=&#8221;0&#8243; shift_y_down=&#8221;0&#8243; z_index=&#8221;0&#8243; medium_width=&#8221;0&#8243; mobile_width=&#8221;0&#8243; width=&#8221;1\/4&#8243;][uncode_block id=&#8221;148&#8243; inside_column=&#8221;yes&#8221;][\/vc_column_inner][\/vc_row_inner][vc_row_inner limit_content=&#8221;&#8221;][vc_column_inner width=&#8221;1\/1&#8243;][vc_separator sep_color=&#8221;color-198040&#8243;][vc_empty_space empty_h=&#8221;2&#8243;][\/vc_column_inner][\/vc_row_inner][\/vc_accordion_tab][vc_accordion_tab gutter_size=&#8221;2&#8243; column_padding=&#8221;2&#8243; title=&#8221;oltre gli impegni&#8221; tab_id=&#8221;1616609075-2-7114f6-42bf&#8221;][vc_row_inner row_inner_height_percent=&#8221;0&#8243; overlay_alpha=&#8221;50&#8243; gutter_size=&#8221;4&#8243; border_color=&#8221;color-109226&#8243; border_style=&#8221;solid&#8221; shift_y=&#8221;0&#8243; z_index=&#8221;0&#8243; css=&#8221;.vc_custom_1616754175520{margin-bottom: 1px !important;}&#8221; limit_content=&#8221;&#8221;][vc_column_inner width=&#8221;3\/4&#8243;][vc_column_text]<\/p>\n<blockquote>\n<p><strong>Manutenzione del verde pubblico<\/strong><\/p>\n<\/blockquote>\n<p>Il servizio di manutenzione ordinaria del verde pubblico \u00e8 stato affidato tramite una gara, ad evidenza europea, per le annualit\u00e0 dal 2020 al 2023, per un importo totale di 1.800.000\u20ac.<\/p>\n<p>Per quanto riguarda la gestione del patrimonio arboreo, si segnala l\u2019eliminazione delle essenze infestanti o non autoctone posizionate sui marciapiedi in via Solferino e in via Padre Lega, con il posizionamento di 33 nuovi alberi. Nel 2020 \u00e8 stato realizzato nel parco Bassetti un intervento in tree climbing di potatura degli alberi e messa in sicurezza dell\u2019area per un valore di 33.000\u20ac, eseguito dall\u2019agronomo comunale.[\/vc_column_text][vc_raw_js]JTNDc2NyaXB0JTIwaWQlM0QlMjJpbmZvZ3JhbV8wXzVmNTY4MjVlLWNmYzItNDQ4Ni04MGI3LTVjM2ViNTk4ZjBmZiUyMiUyMHRpdGxlJTNEJTIyTWFudXRlbnppb25lJTIwZGVsJTIwdmVyZGUlMjBwdWJibGljbyUyMiUyMHNyYyUzRCUyMmh0dHBzJTNBJTJGJTJGZS5pbmZvZ3JhbS5jb20lMkZqcyUyRmRpc3QlMkZlbWJlZC5qcyUzRlVCdCUyMiUyMHR5cGUlM0QlMjJ0ZXh0JTJGamF2YXNjcmlwdCUyMiUzRSUzQyUyRnNjcmlwdCUzRQ==[\/vc_raw_js][vc_empty_space empty_h=&#8221;2&#8243;][\/vc_column_inner][vc_column_inner column_width_percent=&#8221;100&#8243; gutter_size=&#8221;1&#8243; overlay_alpha=&#8221;50&#8243; shift_x=&#8221;0&#8243; shift_y=&#8221;0&#8243; shift_y_down=&#8221;0&#8243; z_index=&#8221;0&#8243; medium_width=&#8221;0&#8243; mobile_width=&#8221;0&#8243; width=&#8221;1\/4&#8243;][\/vc_column_inner][\/vc_row_inner][vc_row_inner limit_content=&#8221;&#8221;][vc_column_inner width=&#8221;1\/1&#8243;][vc_separator sep_color=&#8221;color-198040&#8243;][vc_empty_space empty_h=&#8221;2&#8243;][\/vc_column_inner][\/vc_row_inner][vc_row_inner row_inner_height_percent=&#8221;0&#8243; overlay_alpha=&#8221;50&#8243; gutter_size=&#8221;4&#8243; border_color=&#8221;color-109226&#8243; border_style=&#8221;solid&#8221; shift_y=&#8221;0&#8243; z_index=&#8221;0&#8243; css=&#8221;.vc_custom_1616611356312{margin-bottom: 1px !important;}&#8221; limit_content=&#8221;&#8221;][vc_column_inner width=&#8221;3\/4&#8243;][vc_column_text]<\/p>\n<blockquote>\n<p><strong>Coinvolgimento dei cittadini e dei soggetti del territorio nella cura del verde<\/strong><\/p>\n<\/blockquote>\n<p>Attivate le procedure per la ricerca di soggetti con i quali stipulare contratti di sponsorizzazione sugli spazi a verde pubblico, al fine di manutenere le aree abbandonate e dismesse e creare sinergie tra pubblico e privato. Sono 90 i soggetti che hanno aderito all\u2019iniziativa.<br \/>\nPer sensibilizzare e coinvolgere i cittadini, le scuole e le associazioni sulle tematiche ambientali, \u00e8 stata istituita la Giornata Comunale \u201cGallarate Citt\u00e0 Pulita\u201d. Si tratta di un\u2019iniziativa finalizzata a consolidare il senso civico di grandi e piccini verso una maggiore tutela del verde pubblico in citt\u00e0, la corretta conservazione del patrimonio pubblico e privato e favorire pratiche di sostenibilit\u00e0, con particolare riferimento alla corretta gestione dei rifiuti.[\/vc_column_text][vc_empty_space empty_h=&#8221;2&#8243;][\/vc_column_inner][vc_column_inner column_width_percent=&#8221;100&#8243; gutter_size=&#8221;1&#8243; overlay_alpha=&#8221;50&#8243; shift_x=&#8221;0&#8243; shift_y=&#8221;0&#8243; shift_y_down=&#8221;0&#8243; z_index=&#8221;0&#8243; medium_width=&#8221;0&#8243; mobile_width=&#8221;0&#8243; width=&#8221;1\/4&#8243;][\/vc_column_inner][\/vc_row_inner][vc_row_inner limit_content=&#8221;&#8221;][vc_column_inner width=&#8221;1\/1&#8243;][vc_separator sep_color=&#8221;color-198040&#8243;][vc_empty_space empty_h=&#8221;2&#8243;][\/vc_column_inner][\/vc_row_inner][\/vc_accordion_tab][\/vc_accordion][\/vc_column][\/vc_row]<\/p>\n","protected":false},"excerpt":{"rendered":"<p>[vc_row row_height_percent=&#8221;0&#8243; back_color=&#8221;color-198040&#8243; overlay_alpha=&#8221;50&#8243; equal_height=&#8221;yes&#8221; gutter_size=&#8221;3&#8243; column_width_percent=&#8221;100&#8243; shift_y=&#8221;0&#8243; z_index=&#8221;0&#8243;][vc_column width=&#8221;1\/4&#8243;][vc_single_image media=&#8221;23&#8243; media_width_percent=&#8221;80&#8243;][\/vc_column][vc_column column_width_percent=&#8221;100&#8243; position_vertical=&#8221;middle&#8221; gutter_size=&#8221;3&#8243; style=&#8221;dark&#8221; overlay_alpha=&#8221;50&#8243; border_color=&#8221;color-xsdn&#8221; border_style=&#8221;dotted&#8221; shift_x=&#8221;0&#8243; [&hellip;]<\/p>\n","protected":false},"author":4,"featured_media":0,"parent":0,"menu_order":0,"comment_status":"closed","ping_status":"closed","template":"","meta":[],"_links":{"self":[{"href":"http:\/\/redup.xyz\/SVILUPPO\/gallarate\/wp-json\/wp\/v2\/pages\/216"}],"collection":[{"href":"http:\/\/redup.xyz\/SVILUPPO\/gallarate\/wp-json\/wp\/v2\/pages"}],"about":[{"href":"http:\/\/redup.xyz\/SVILUPPO\/gallarate\/wp-json\/wp\/v2\/types\/page"}],"author":[{"embeddable":true,"href":"http:\/\/redup.xyz\/SVILUPPO\/gallarate\/wp-json\/wp\/v2\/users\/4"}],"replies":[{"embeddable":true,"href":"http:\/\/redup.xyz\/SVILUPPO\/gallarate\/wp-json\/wp\/v2\/comments?post=216"}],"version-history":[{"count":13,"href":"http:\/\/redup.xyz\/SVILUPPO\/gallarate\/wp-json\/wp\/v2\/pages\/216\/revisions"}],"predecessor-version":[{"id":735,"href":"http:\/\/redup.xyz\/SVILUPPO\/gallarate\/wp-json\/wp\/v2\/pages\/216\/revisions\/735"}],"wp:attachment":[{"href":"http:\/\/redup.xyz\/SVILUPPO\/gallarate\/wp-json\/wp\/v2\/media?parent=216"}],"curies":[{"name":"wp","href":"https:\/\/api.w.org\/{rel}","templated":true}]}}